{"id":8018,"date":"2026-04-24T05:03:25","date_gmt":"2026-04-24T05:03:25","guid":{"rendered":"https:\/\/kilautakaverille.ngmprojektit.fi\/index.php\/tuote\/iphone-xs-max-naytto-rungolla-lcd-2\/"},"modified":"2026-04-28T14:02:19","modified_gmt":"2026-04-28T14:02:19","slug":"iphone-xs-max-naytto-rungolla-lcd-2","status":"publish","type":"product","link":"https:\/\/kilautakaverille.ngmprojektit.fi\/index.php\/tuote\/iphone-xs-max-naytto-rungolla-lcd-2\/","title":{"rendered":"iPhone XS Max n\u00e4ytt\u00f6 rungolla (LCD)"},"content":{"rendered":"<p style=\"font-size: 16px; font-family: &quot;Droid Serif&quot;, &quot;Trebuchet MS&quot;, Verdana, Arial, Helvetica;\"><span style=\"font-size: 16px; font-family: arial, verdana, helvetica;\">Laadukas LCD-n\u00e4ytt\u00f6 <strong>iPhone XS Max<\/strong> -malliin. V\u00e4ri musta. Saatavilla ty\u00f6kaluilla tai ilman. N\u00e4yt\u00f6ss\u00e4 on valmiina etukameroiden ja sensorin ohjurirenkaat, mik\u00e4 helpottaa asennusta.<\/p>\n<p>T\u00e4m\u00e4 LCD-n\u00e4ytt\u00f6 on hyv\u00e4 edullinen vaihtoehto XS Maxin n\u00e4yt\u00f6ksi.&nbsp;Saatavana my\u00f6s kalliimpia OLED-n\u00e4ytt\u00f6j\u00e4 (hard ja soft).&nbsp;<\/span><\/p>\n<p><a data-link-type=\"external\" data-type=\"linkpicker\" href=\"https:\/\/www.mobilescreenfix.co.uk\/blog\/2021\/01\/18\/soft-oled-hard-oled-or-lcd-whats-right-for-you\/\" style=\"font-family: &quot;Droid Serif&quot;, &quot;Trebuchet MS&quot;, Verdana, Arial, Helvetica;\" target=\"_blank\">Hard, soft vai&nbsp;LCD? Vertailu (englanniksi)<\/a><span style=\"font-family: &quot;Droid Serif&quot;, &quot;Trebuchet MS&quot;, Verdana, Arial, Helvetica; font-size: 16px;\">&nbsp;<\/span><br \/>\n&nbsp;<\/p>\n<ul style=\"font-size: 16px; font-family: &quot;Droid Serif&quot;, &quot;Trebuchet MS&quot;, Verdana, Arial, Helvetica;\">\n<li style=\"font-size: 16px;\"><span style=\"font-size: 16px;\"><span style=\"font-size: 16px; font-family: arial, verdana, helvetica;\">takuu 1 vuosi<\/span><\/span><\/li>\n<li style=\"font-size: 16px;\"><span style=\"font-size: 16px;\"><span style=\"font-size: 16px; font-family: arial, verdana, helvetica;\">sopii vain iPhone XS Max -malliin<\/span><\/span><\/li>\n<li style=\"font-size: 16px;\"><span style=\"font-size: 16px;\"><span style=\"font-size: 16px; font-family: arial, verdana, helvetica;\">tukee True Tonea (ks. info alla)<\/span><\/span><\/li>\n<li style=\"font-size: 16px;\"><span style=\"font-size: 16px;\"><span style=\"font-size: 16px; font-family: arial, verdana, helvetica;\">XS Max -mallin koodit:&nbsp;<\/span>A1921,&nbsp;A2101, A2102, A2103, A2104&nbsp;(Koodin tarkistus:&nbsp;<\/span><a data-link-type=\"external\" data-type=\"linkpicker\" href=\"https:\/\/support.apple.com\/fi-fi\/HT208200\" target=\"_blank\">Linkki<\/a><span style=\"font-size: 16px;\">)<\/span><\/li>\n<li style=\"font-size: 16px;\"><span style=\"font-size: 16px;\"><strong style=\"font-size: 16px;\">n\u00e4yt\u00f6n tiiviste tulee mukaan<br \/>\n\t\u200b<\/strong><\/span><\/li>\n<\/ul>\n<p style=\"font-size: 16px; font-family: &quot;Droid Serif&quot;, &quot;Trebuchet MS&quot;, Verdana, Arial, Helvetica;\">\u200bHuom! True tonea varten data t\u00e4ytyy siirt\u00e4\u00e4 vanhasta n\u00e4yt\u00f6st\u00e4 uuteen:&nbsp;<a data-link-type=\"external\" data-type=\"linkpicker\" href=\"https:\/\/www.youtube.com\/watch?v=hMO376Aq33Q\" target=\"_blank\">Video siirrosta<\/a><\/p>\n<p style=\"font-size: 16px; font-family: &quot;Droid Serif&quot;, &quot;Trebuchet MS&quot;, Verdana, Arial, Helvetica;\">\n<span style=\"font-size: 16px;\"><span style=\"font-size: 16px; font-family: arial, verdana, helvetica;\">Hyv\u00e4 ohjelinkki vaihtoon:&nbsp;<\/span><\/span><a data-link-type=\"external\" data-type=\"linkpicker\" href=\"https:\/\/www.ifixit.com\/Guide\/iPhone+XS+Max+Screen+Replacement\/113866\" style=\"font-family: &quot;Droid Serif&quot;, &quot;Trebuchet MS&quot;, Verdana, Arial, Helvetica;\" target=\"_blank\">Linkki<\/a><\/p>\n<p>\n<span style=\"font-size: 16px;\"><span style=\"font-size: 16px; font-family: arial, verdana, helvetica;\"><span style=\"font-size: 12px;\">iPhone XS Max -mallikoodit:&nbsp;<\/span><\/span><\/span><span style=\"font-size: 12px;\">A1921, A2101, A2102, A2103, A2104&nbsp;<\/span><\/p>\n<p><u><strong style=\"font-size: 16px;\">OLED:<\/strong><\/u><\/p>\n<p style=\"font-size: 16px; font-family: &quot;Droid Serif&quot;, &quot;Trebuchet MS&quot;, Verdana, Arial, Helvetica;\"><b>OLED-n\u00e4ytt\u00f6<\/b>&nbsp;(<i>Organic Light Emitting Diode<\/i>) on litte\u00e4 n\u00e4ytt\u00f6, jonka toiminta perustuu orgaaniseen aineeseen, joka k\u00e4ytt\u00e4ytyy samalla tavalla kuin diodi. Se tuottaa valoa, kun siihen tuodaan s\u00e4hk\u00f6\u00e4. OLED-tekniikka mahdollistaa nykyist\u00e4 suuremman kontrastin ja paremman mustan tason.<\/p>\n<p style=\"font-size: 16px; font-family: &quot;Droid Serif&quot;, &quot;Trebuchet MS&quot;, Verdana, Arial, Helvetica;\">OLED:in suurin ero LCD-tekniikkaan verrattuna on se, ett\u00e4 OLED valaisee itse pikselins\u00e4, jolloin erillist\u00e4 taustavaloa ei tarvita.<\/p>\n","protected":false},"excerpt":{"rendered":"<p>iPhone XS Max LCD-varaosan\u00e4ytt\u00f6&nbsp;rungolla. Musta. Ty\u00f6kaluilla tai ilman. N\u00e4yt\u00f6ss\u00e4 valmiina etukameroiden ja sensorin ohjurirenkaat. Takuu 1v.<\/p>\n","protected":false},"featured_media":8017,"comment_status":"open","ping_status":"closed","template":"","meta":{"site-sidebar-layout":"default","site-content-layout":"","ast-site-content-layout":"default","site-content-style":"default","site-sidebar-style":"default","ast-global-header-display":"","ast-banner-title-visibility":"","ast-main-header-display":"","ast-hfb-above-header-display":"","ast-hfb-below-header-display":"","ast-hfb-mobile-header-display":"","site-post-title":"","ast-breadcrumbs-content":"","ast-featured-img":"","footer-sml-layout":"","ast-disable-related-posts":"","theme-transparent-header-meta":"","adv-header-id-meta":"","stick-header-meta":"","header-above-stick-meta":"","header-main-stick-meta":"","header-below-stick-meta":"","astra-migrate-meta-layouts":"default","ast-page-background-enabled":"default","ast-page-background-meta":{"desktop":{"background-color":"var(--ast-global-color-5)","background-image":"","background-repeat":"repeat","background-position":"center center","background-size":"auto","background-attachment":"scroll","background-type":"","background-media":"","overlay-type":"","overlay-color":"","overlay-opacity":"","overlay-gradient":""},"tablet":{"background-color":"","background-image":"","background-repeat":"repeat","background-position":"center center","background-size":"auto","background-attachment":"scroll","background-type":"","background-media":"","overlay-type":"","overlay-color":"","overlay-opacity":"","overlay-gradient":""},"mobile":{"background-color":"","background-image":"","background-repeat":"repeat","background-position":"center center","background-size":"auto","background-attachment":"scroll","background-type":"","background-media":"","overlay-type":"","overlay-color":"","overlay-opacity":"","overlay-gradient":""}},"ast-content-background-meta":{"desktop":{"background-color":"var(--ast-global-color-4)","background-image":"","background-repeat":"repeat","background-position":"center center","background-size":"auto","background-attachment":"scroll","background-type":"","background-media":"","overlay-type":"","overlay-color":"","overlay-opacity":"","overlay-gradient":""},"tablet":{"background-color":"var(--ast-global-color-4)","background-image":"","background-repeat":"repeat","background-position":"center center","background-size":"auto","background-attachment":"scroll","background-type":"","background-media":"","overlay-type":"","overlay-color":"","overlay-opacity":"","overlay-gradient":""},"mobile":{"background-color":"var(--ast-global-color-4)","background-image":"","background-repeat":"repeat","background-position":"center center","background-size":"auto","background-attachment":"scroll","background-type":"","background-media":"","overlay-type":"","overlay-color":"","overlay-opacity":"","overlay-gradient":""}}},"product_brand":[],"product_cat":[494],"product_tag":[],"class_list":{"0":"post-8018","1":"product","2":"type-product","3":"status-publish","4":"has-post-thumbnail","6":"product_cat-varaosanaytto-iphone-xs-max-lcd","7":"pa_tyokalut-pelkka-naytto","8":"desktop-align-left","9":"tablet-align-left","10":"mobile-align-left","12":"first","13":"instock","14":"shipping-taxable","15":"product-type-variable"},"_links":{"self":[{"href":"https:\/\/kilautakaverille.ngmprojektit.fi\/index.php\/wp-json\/wp\/v2\/product\/8018","targetHints":{"allow":["GET"]}}],"collection":[{"href":"https:\/\/kilautakaverille.ngmprojektit.fi\/index.php\/wp-json\/wp\/v2\/product"}],"about":[{"href":"https:\/\/kilautakaverille.ngmprojektit.fi\/index.php\/wp-json\/wp\/v2\/types\/product"}],"replies":[{"embeddable":true,"href":"https:\/\/kilautakaverille.ngmprojektit.fi\/index.php\/wp-json\/wp\/v2\/comments?post=8018"}],"wp:featuredmedia":[{"embeddable":true,"href":"https:\/\/kilautakaverille.ngmprojektit.fi\/index.php\/wp-json\/wp\/v2\/media\/8017"}],"wp:attachment":[{"href":"https:\/\/kilautakaverille.ngmprojektit.fi\/index.php\/wp-json\/wp\/v2\/media?parent=8018"}],"wp:term":[{"taxonomy":"product_brand","embeddable":true,"href":"https:\/\/kilautakaverille.ngmprojektit.fi\/index.php\/wp-json\/wp\/v2\/product_brand?post=8018"},{"taxonomy":"product_cat","embeddable":true,"href":"https:\/\/kilautakaverille.ngmprojektit.fi\/index.php\/wp-json\/wp\/v2\/product_cat?post=8018"},{"taxonomy":"product_tag","embeddable":true,"href":"https:\/\/kilautakaverille.ngmprojektit.fi\/index.php\/wp-json\/wp\/v2\/product_tag?post=8018"}],"curies":[{"name":"wp","href":"https:\/\/api.w.org\/{rel}","templated":true}]}}