{"id":8210,"date":"2026-04-24T05:03:59","date_gmt":"2026-04-24T05:03:59","guid":{"rendered":"https:\/\/kilautakaverille.ngmprojektit.fi\/index.php\/tuote\/islack-avaaja-puhelimille\/"},"modified":"2026-04-28T14:01:42","modified_gmt":"2026-04-28T14:01:42","slug":"islack-avaaja-puhelimille","status":"publish","type":"product","link":"https:\/\/kilautakaverille.ngmprojektit.fi\/index.php\/tuote\/islack-avaaja-puhelimille\/","title":{"rendered":"iSlack-avaaja puhelimille"},"content":{"rendered":"<p><span style=\"font-family:arial,verdana,helvetica;\"><span style=\"font-size:16px;\">iSlack-avaaja puhelimien n\u00e4yt\u00f6n avaamisen.<\/p>\n<p>Avaajan imukupit kiinnittyv\u00e4t n\u00e4yt\u00f6n etu- ja takapuolelle, jolloin avaajalla helppo irrottaa n\u00e4ytt\u00f6. Pituus n. 16 cm. Imukuppien halkaisija n. 40 mm.<\/span><\/span><br \/>\n&nbsp;<\/p>\n<p><span style=\"font-family:arial,verdana,helvetica;\"><span style=\"font-size:16px;\">Tyytyv\u00e4isyystakuu.<\/span><\/span><\/p>\n<p>\n<span style=\"font-family:arial,verdana,helvetica;\"><span style=\"font-size:16px;\">Huom! Jos lasi on s\u00e4r\u00f6ill\u00e4 pahasti, imukuppi ei silloin kiinnity pit\u00e4v\u00e4sti eli vaatii kiinnityskohdalta ehj\u00e4n lasipinnan.<\/span><\/span><\/p>\n","protected":false},"excerpt":{"rendered":"<p>iSlack-avaaja puhelimien n\u00e4yt\u00f6n avaamisen. Tyytyv\u00e4isyystakuu.<br \/>\n&nbsp;<\/p>\n","protected":false},"featured_media":8209,"comment_status":"open","ping_status":"closed","template":"","meta":{"site-sidebar-layout":"default","site-content-layout":"","ast-site-content-layout":"default","site-content-style":"default","site-sidebar-style":"default","ast-global-header-display":"","ast-banner-title-visibility":"","ast-main-header-display":"","ast-hfb-above-header-display":"","ast-hfb-below-header-display":"","ast-hfb-mobile-header-display":"","site-post-title":"","ast-breadcrumbs-content":"","ast-featured-img":"","footer-sml-layout":"","ast-disable-related-posts":"","theme-transparent-header-meta":"","adv-header-id-meta":"","stick-header-meta":"","header-above-stick-meta":"","header-main-stick-meta":"","header-below-stick-meta":"","astra-migrate-meta-layouts":"default","ast-page-background-enabled":"default","ast-page-background-meta":{"desktop":{"background-color":"var(--ast-global-color-5)","background-image":"","background-repeat":"repeat","background-position":"center center","background-size":"auto","background-attachment":"scroll","background-type":"","background-media":"","overlay-type":"","overlay-color":"","overlay-opacity":"","overlay-gradient":""},"tablet":{"background-color":"","background-image":"","background-repeat":"repeat","background-position":"center center","background-size":"auto","background-attachment":"scroll","background-type":"","background-media":"","overlay-type":"","overlay-color":"","overlay-opacity":"","overlay-gradient":""},"mobile":{"background-color":"","background-image":"","background-repeat":"repeat","background-position":"center center","background-size":"auto","background-attachment":"scroll","background-type":"","background-media":"","overlay-type":"","overlay-color":"","overlay-opacity":"","overlay-gradient":""}},"ast-content-background-meta":{"desktop":{"background-color":"var(--ast-global-color-4)","background-image":"","background-repeat":"repeat","background-position":"center center","background-size":"auto","background-attachment":"scroll","background-type":"","background-media":"","overlay-type":"","overlay-color":"","overlay-opacity":"","overlay-gradient":""},"tablet":{"background-color":"var(--ast-global-color-4)","background-image":"","background-repeat":"repeat","background-position":"center center","background-size":"auto","background-attachment":"scroll","background-type":"","background-media":"","overlay-type":"","overlay-color":"","overlay-opacity":"","overlay-gradient":""},"mobile":{"background-color":"var(--ast-global-color-4)","background-image":"","background-repeat":"repeat","background-position":"center center","background-size":"auto","background-attachment":"scroll","background-type":"","background-media":"","overlay-type":"","overlay-color":"","overlay-opacity":"","overlay-gradient":""}}},"product_brand":[],"product_cat":[533],"product_tag":[],"class_list":{"0":"post-8210","1":"product","2":"type-product","3":"status-publish","4":"has-post-thumbnail","6":"product_cat-avaaja-puhelimen-nayton-irrottamiseen","7":"desktop-align-left","8":"tablet-align-left","9":"mobile-align-left","11":"first","12":"outofstock","13":"shipping-taxable","14":"purchasable","15":"product-type-simple"},"_links":{"self":[{"href":"https:\/\/kilautakaverille.ngmprojektit.fi\/index.php\/wp-json\/wp\/v2\/product\/8210","targetHints":{"allow":["GET"]}}],"collection":[{"href":"https:\/\/kilautakaverille.ngmprojektit.fi\/index.php\/wp-json\/wp\/v2\/product"}],"about":[{"href":"https:\/\/kilautakaverille.ngmprojektit.fi\/index.php\/wp-json\/wp\/v2\/types\/product"}],"replies":[{"embeddable":true,"href":"https:\/\/kilautakaverille.ngmprojektit.fi\/index.php\/wp-json\/wp\/v2\/comments?post=8210"}],"wp:featuredmedia":[{"embeddable":true,"href":"https:\/\/kilautakaverille.ngmprojektit.fi\/index.php\/wp-json\/wp\/v2\/media\/8209"}],"wp:attachment":[{"href":"https:\/\/kilautakaverille.ngmprojektit.fi\/index.php\/wp-json\/wp\/v2\/media?parent=8210"}],"wp:term":[{"taxonomy":"product_brand","embeddable":true,"href":"https:\/\/kilautakaverille.ngmprojektit.fi\/index.php\/wp-json\/wp\/v2\/product_brand?post=8210"},{"taxonomy":"product_cat","embeddable":true,"href":"https:\/\/kilautakaverille.ngmprojektit.fi\/index.php\/wp-json\/wp\/v2\/product_cat?post=8210"},{"taxonomy":"product_tag","embeddable":true,"href":"https:\/\/kilautakaverille.ngmprojektit.fi\/index.php\/wp-json\/wp\/v2\/product_tag?post=8210"}],"curies":[{"name":"wp","href":"https:\/\/api.w.org\/{rel}","templated":true}]}}